{"id":78,"date":"2023-01-27T17:03:33","date_gmt":"2023-01-27T17:03:33","guid":{"rendered":"https:\/\/riccota2023.math.uniri.hr\/?page_id=78"},"modified":"2023-06-15T19:58:37","modified_gmt":"2023-06-15T19:58:37","slug":"registration","status":"publish","type":"page","link":"https:\/\/riccota2023.math.uniri.hr\/?page_id=78","title":{"rendered":"Registration"},"content":{"rendered":"\n<p><\/p>\n\n\n\n<p><\/p>\n\n\n\n<p>The registration is now closed. <\/p>\n\n\n\n<p>Note that the deadline for filling out the form and paying registration fee was <strong>June 10, 2023.<\/strong> <\/p>\n\n\n\n<p><\/p>\n\n\n\n<ul>\n<li><s>Early registration fee (until May 1, 2023): 200 EUR \/ For students:&nbsp;100 EUR.<\/s><\/li>\n\n\n\n<li><strong>Regular registration fee (after May 1, 2023): 220 EUR \/ For students: 120 EUR<\/strong><\/li>\n\n\n\n<li>Registration fee for accompanying persons: 40 EUR<\/li>\n<\/ul>\n\n\n\n<p><\/p>\n\n\n\n<p>All prices are VAT included. The registration fee includes: conference materials, coffee breaks, conference dinner and excursion.<\/p>\n\n\n\n<p><strong>Payment<\/strong><\/p>\n\n\n\n<p>The registration fee should be paid to:<\/p>\n\n\n\n<ul>\n<li>Faculty of Mathematics, University of Rijeka, <\/li>\n\n\n\n<li>Trg bra\u0107e Ma\u017eurani\u0107a 10, 51000 Rijeka, Croatia<\/li>\n\n\n\n<li>Mention the participant&#8217;s name and &#8220;Riccota2023&#8221;.<\/li>\n<\/ul>\n\n\n\n<p><\/p>\n\n\n\n<p><strong>Banking Information:<\/strong><\/p>\n\n\n\n<ul>\n<li>Bank name: Erste&amp;Steierm\u00e4rkische Bank d.d.<\/li>\n\n\n\n<li>Bank address: Jadranski trg 3A, 51000 Rijeka, Croatia<\/li>\n\n\n\n<li>IBAN CODE: HR1224020061400006923<\/li>\n\n\n\n<li>SWIFT\/BIC CODE: ESBCHR22<\/li>\n<\/ul>\n\n\n\n<p><\/p>\n\n\n\n<p><\/p>\n\n\n\n<p>Your payment should specify that all bank charges are at your expence.<\/p>\n\n\n\n<p><strong>Please send the receipt to the e-mail address: asvob@math.uniri.hr.<\/strong><\/p>\n\n\n\n<p class=\"has-small-font-size\">(Although the currency in Croatia is euro, until the end of 2023 all the prices will also have to be shown in both currencies. The fees expressed in kunas are: early registration fee: 1.506,90 HRK; for students:&nbsp;753,45 HRK; regular registration fee: 1.657,59 HRK; for students: 904,14 HRK; registration fee for accompanying persons: 301,38 HRK)<\/p>\n","protected":false},"excerpt":{"rendered":"<p>The registration is now closed. Note that the deadline for filling out the form and paying registration fee was June 10, 2023. All prices are VAT included. The registration fee includes: conference materials, coffee breaks, conference dinner and excursion. Payment &hellip; <a href=\"https:\/\/riccota2023.math.uniri.hr\/?page_id=78\">Continue reading <span class=\"meta-nav\">&rarr;<\/span><\/a><\/p>\n","protected":false},"author":2,"featured_media":0,"parent":0,"menu_order":0,"comment_status":"closed","ping_status":"closed","template":"","meta":[],"_links":{"self":[{"href":"https:\/\/riccota2023.math.uniri.hr\/index.php?rest_route=\/wp\/v2\/pages\/78"}],"collection":[{"href":"https:\/\/riccota2023.math.uniri.hr\/index.php?rest_route=\/wp\/v2\/pages"}],"about":[{"href":"https:\/\/riccota2023.math.uniri.hr\/index.php?rest_route=\/wp\/v2\/types\/page"}],"author":[{"embeddable":true,"href":"https:\/\/riccota2023.math.uniri.hr\/index.php?rest_route=\/wp\/v2\/users\/2"}],"replies":[{"embeddable":true,"href":"https:\/\/riccota2023.math.uniri.hr\/index.php?rest_route=%2Fwp%2Fv2%2Fcomments&post=78"}],"version-history":[{"count":15,"href":"https:\/\/riccota2023.math.uniri.hr\/index.php?rest_route=\/wp\/v2\/pages\/78\/revisions"}],"predecessor-version":[{"id":211,"href":"https:\/\/riccota2023.math.uniri.hr\/index.php?rest_route=\/wp\/v2\/pages\/78\/revisions\/211"}],"wp:attachment":[{"href":"https:\/\/riccota2023.math.uniri.hr\/index.php?rest_route=%2Fwp%2Fv2%2Fmedia&parent=78"}],"curies":[{"name":"wp","href":"https:\/\/api.w.org\/{rel}","templated":true}]}}